{"id":4402,"date":"2026-02-12T17:00:35","date_gmt":"2026-02-12T13:00:35","guid":{"rendered":"https:\/\/runiclab.com\/blog\/"},"modified":"2026-04-15T12:56:43","modified_gmt":"2026-04-15T08:56:43","slug":"blog","status":"publish","type":"page","link":"https:\/\/runiclab.com\/es\/blog\/","title":{"rendered":"Blog"},"content":{"rendered":"\t\t<div data-elementor-type=\"wp-page\" data-elementor-id=\"4402\" class=\"elementor elementor-4402 elementor-3900\" data-elementor-post-type=\"page\">\n\t\t\t\t<div class=\"elementor-element elementor-element-afa7640 e-flex e-con-boxed e-con e-parent\" data-id=\"afa7640\" data-element_type=\"container\" data-e-type=\"container\">\n\t\t\t\t\t<div class=\"e-con-inner\">\n\t\t\t\t<div class=\"elementor-element elementor-element-31cf2d9 elementor-widget elementor-widget-heading\" data-id=\"31cf2d9\" data-element_type=\"widget\" data-e-type=\"widget\" data-widget_type=\"heading.default\">\n\t\t\t\t<div class=\"elementor-widget-container\">\n\t\t\t\t\t<h1 class=\"elementor-heading-title elementor-size-default\">Blog<\/h1>\t\t\t\t<\/div>\n\t\t\t\t<\/div>\n\t\t\t\t\t<\/div>\n\t\t\t\t<\/div>\n\t\t<div class=\"elementor-element elementor-element-1a0f748 e-flex e-con-boxed e-con e-parent\" data-id=\"1a0f748\" data-element_type=\"container\" data-e-type=\"container\">\n\t\t\t\t\t<div class=\"e-con-inner\">\n\t\t\t\t<div class=\"elementor-element elementor-element-4e0a85b elementor-widget elementor-widget-hfe-basic-posts\" data-id=\"4e0a85b\" data-element_type=\"widget\" data-e-type=\"widget\" data-widget_type=\"hfe-basic-posts.default\">\n\t\t\t\t<div class=\"elementor-widget-container\">\n\t\t\t\t\t\n<div class=\"hfe-posts-grid\">\n\t\t\t<article class=\"hfe-post-card\">\n\t\t\t\t\t\t\t<div class=\"hfe-post-image\">\n\t\t\t\t\t<a href=\"https:\/\/runiclab.com\/es\/el-verdadero-roi-de-los-paquetes-de-seo-local-en-dubai-esta-pagando-por-visibilidad-o-por-trafico-real-en-2026\/\" rel=\"bookmark\">\n\t\t\t\t\t\t<img loading=\"lazy\" decoding=\"async\" width=\"300\" height=\"164\" src=\"https:\/\/runiclab.com\/wp-content\/uploads\/2026\/04\/The-True-ROI-of-Local-SEO-Packages-300x164.webp\" class=\"attachment-medium size-medium wp-post-image\" alt=\"El verdadero ROI de los paquetes de SEO local en Dub\u00e1i: \u00bfEst\u00e1 pagando por visibilidad o por tr\u00e1fico real en 2026?\" loading=\"lazy\" srcset=\"https:\/\/runiclab.com\/wp-content\/uploads\/2026\/04\/The-True-ROI-of-Local-SEO-Packages-300x164.webp 300w, https:\/\/runiclab.com\/wp-content\/uploads\/2026\/04\/The-True-ROI-of-Local-SEO-Packages-768x419.webp 768w, https:\/\/runiclab.com\/wp-content\/uploads\/2026\/04\/The-True-ROI-of-Local-SEO-Packages.webp 800w\" sizes=\"auto, (max-width: 300px) 100vw, 300px\" \/>\t\t\t\t\t<\/a>\n\t\t\t\t<\/div>\n\t\t\t\n\t\t\t<div class=\"hfe-post-content\">\n\t\t\t\t\t\t\t\t\t<h2 class=\"hfe-post-title\">\n\t\t\t\t\t\t<a href=\"https:\/\/runiclab.com\/es\/el-verdadero-roi-de-los-paquetes-de-seo-local-en-dubai-esta-pagando-por-visibilidad-o-por-trafico-real-en-2026\/\" rel=\"bookmark\">\n\t\t\t\t\t\t\tEl verdadero ROI de los paquetes de SEO local en Dub\u00e1i: \u00bfEst\u00e1 pagando por visibilidad o por tr\u00e1fico real en 2026?\t\t\t\t\t\t<\/a>\n\t\t\t\t\t<\/h2>\n\t\t\t\t\n\t\t\t\t\t\t\t\t\t<div class=\"hfe-post-meta\">\n\t\t\t\t\t\t<span class=\"hfe-post-date\">8 de abril de 2026<\/span><span class=\"hfe-meta-separator\"> | <\/span><span class=\"hfe-post-author\">por \u00c1lvaro P\u00e9rez<\/span>\t\t\t\t\t<\/div>\n\t\t\t\t\n\t\t\t\t\t\t\t\t\t<div class=\"hfe-post-excerpt\">\n\t\t\t\t\t\tEl panorama corporativo en Dub\u00e1i nunca ha sido tan ferozmente competitivo como lo es ahora en 2026. Ya sea que...\t\t\t\t\t<\/div>\n\t\t\t\t\n\t\t\t\t\t\t\t\t\t<a href=\"https:\/\/runiclab.com\/es\/el-verdadero-roi-de-los-paquetes-de-seo-local-en-dubai-esta-pagando-por-visibilidad-o-por-trafico-real-en-2026\/\" class=\"hfe-read-more\" rel=\"bookmark\">\n\t\t\t\t\t\tLeer m\u00e1s \u2192\t\t\t\t\t<\/a>\n\t\t\t\t\t\t\t<\/div>\n\t\t<\/article>\n\t\t\t\t<article class=\"hfe-post-card\">\n\t\t\t\t\t\t\t<div class=\"hfe-post-image\">\n\t\t\t\t\t<a href=\"https:\/\/runiclab.com\/es\/guia-2026-como-conseguir-y-captar-clientes-para-un-despacho-de-abogados-en-espana\/\" rel=\"bookmark\">\n\t\t\t\t\t\t<img loading=\"lazy\" decoding=\"async\" width=\"300\" height=\"167\" src=\"https:\/\/runiclab.com\/wp-content\/uploads\/2026\/03\/conseguir-y-captar-clientes-para-un-despacho-de-abogados-en-Espana-300x167.webp\" class=\"attachment-medium size-medium wp-post-image\" alt=\"Gu\u00eda 2026: C\u00f3mo conseguir y captar clientes para un despacho de abogados en Espa\u00f1a\" loading=\"lazy\" srcset=\"https:\/\/runiclab.com\/wp-content\/uploads\/2026\/03\/conseguir-y-captar-clientes-para-un-despacho-de-abogados-en-Espana-300x167.webp 300w, https:\/\/runiclab.com\/wp-content\/uploads\/2026\/03\/conseguir-y-captar-clientes-para-un-despacho-de-abogados-en-Espana-768x428.webp 768w, https:\/\/runiclab.com\/wp-content\/uploads\/2026\/03\/conseguir-y-captar-clientes-para-un-despacho-de-abogados-en-Espana.webp 800w\" sizes=\"auto, (max-width: 300px) 100vw, 300px\" \/>\t\t\t\t\t<\/a>\n\t\t\t\t<\/div>\n\t\t\t\n\t\t\t<div class=\"hfe-post-content\">\n\t\t\t\t\t\t\t\t\t<h2 class=\"hfe-post-title\">\n\t\t\t\t\t\t<a href=\"https:\/\/runiclab.com\/es\/guia-2026-como-conseguir-y-captar-clientes-para-un-despacho-de-abogados-en-espana\/\" rel=\"bookmark\">\n\t\t\t\t\t\t\tGu\u00eda 2026: C\u00f3mo conseguir y captar clientes para un despacho de abogados en Espa\u00f1a\t\t\t\t\t\t<\/a>\n\t\t\t\t\t<\/h2>\n\t\t\t\t\n\t\t\t\t\t\t\t\t\t<div class=\"hfe-post-meta\">\n\t\t\t\t\t\t<span class=\"hfe-post-date\">30 de marzo de 2026<\/span><span class=\"hfe-meta-separator\"> | <\/span><span class=\"hfe-post-author\">por \u00c1lvaro P\u00e9rez<\/span>\t\t\t\t\t<\/div>\n\t\t\t\t\n\t\t\t\t\t\t\t\t\t<div class=\"hfe-post-excerpt\">\n\t\t\t\t\t\tSi diriges un bufete en Espa\u00f1a o eres socio de una firma legal, probablemente te hayas dado cuenta de una...\t\t\t\t\t<\/div>\n\t\t\t\t\n\t\t\t\t\t\t\t\t\t<a href=\"https:\/\/runiclab.com\/es\/guia-2026-como-conseguir-y-captar-clientes-para-un-despacho-de-abogados-en-espana\/\" class=\"hfe-read-more\" rel=\"bookmark\">\n\t\t\t\t\t\tLeer m\u00e1s \u2192\t\t\t\t\t<\/a>\n\t\t\t\t\t\t\t<\/div>\n\t\t<\/article>\n\t\t\t\t<article class=\"hfe-post-card\">\n\t\t\t\t\t\t\t<div class=\"hfe-post-image\">\n\t\t\t\t\t<a href=\"https:\/\/runiclab.com\/es\/expansion-de-su-bufete-de-abogados-a-dubai-la-guia-estrategica-de-2026-para-la-entrada-en-el-mercado\/\" rel=\"bookmark\">\n\t\t\t\t\t\t<img loading=\"lazy\" decoding=\"async\" width=\"300\" height=\"200\" src=\"https:\/\/runiclab.com\/wp-content\/uploads\/2026\/02\/Local-SEO-for-Law-Firms-in-Dubai--300x200.webp\" class=\"attachment-medium size-medium wp-post-image\" alt=\"Expansi\u00f3n de su bufete de abogados a Dub\u00e1i: La gu\u00eda estrat\u00e9gica de 2026 para la entrada en el mercado\" loading=\"lazy\" srcset=\"https:\/\/runiclab.com\/wp-content\/uploads\/2026\/02\/Local-SEO-for-Law-Firms-in-Dubai--300x200.webp 300w, https:\/\/runiclab.com\/wp-content\/uploads\/2026\/02\/Local-SEO-for-Law-Firms-in-Dubai--768x512.webp 768w, https:\/\/runiclab.com\/wp-content\/uploads\/2026\/02\/Local-SEO-for-Law-Firms-in-Dubai-.webp 800w\" sizes=\"auto, (max-width: 300px) 100vw, 300px\" \/>\t\t\t\t\t<\/a>\n\t\t\t\t<\/div>\n\t\t\t\n\t\t\t<div class=\"hfe-post-content\">\n\t\t\t\t\t\t\t\t\t<h2 class=\"hfe-post-title\">\n\t\t\t\t\t\t<a href=\"https:\/\/runiclab.com\/es\/expansion-de-su-bufete-de-abogados-a-dubai-la-guia-estrategica-de-2026-para-la-entrada-en-el-mercado\/\" rel=\"bookmark\">\n\t\t\t\t\t\t\tExpansi\u00f3n de su bufete de abogados a Dub\u00e1i: La gu\u00eda estrat\u00e9gica de 2026 para la entrada en el mercado\t\t\t\t\t\t<\/a>\n\t\t\t\t\t<\/h2>\n\t\t\t\t\n\t\t\t\t\t\t\t\t\t<div class=\"hfe-post-meta\">\n\t\t\t\t\t\t<span class=\"hfe-post-date\">16 de marzo de 2026<\/span><span class=\"hfe-meta-separator\"> | <\/span><span class=\"hfe-post-author\">por \u00c1lvaro P\u00e9rez<\/span>\t\t\t\t\t<\/div>\n\t\t\t\t\n\t\t\t\t\t\t\t\t\t<div class=\"hfe-post-excerpt\">\n\t\t\t\t\t\tDub\u00e1i ya no es solo un centro de negocios regional; se ha convertido en el epicentro innegable de la riqueza...\t\t\t\t\t<\/div>\n\t\t\t\t\n\t\t\t\t\t\t\t\t\t<a href=\"https:\/\/runiclab.com\/es\/expansion-de-su-bufete-de-abogados-a-dubai-la-guia-estrategica-de-2026-para-la-entrada-en-el-mercado\/\" class=\"hfe-read-more\" rel=\"bookmark\">\n\t\t\t\t\t\tLeer m\u00e1s \u2192\t\t\t\t\t<\/a>\n\t\t\t\t\t\t\t<\/div>\n\t\t<\/article>\n\t\t\t\t<article class=\"hfe-post-card\">\n\t\t\t\t\t\t\t<div class=\"hfe-post-image\">\n\t\t\t\t\t<a href=\"https:\/\/runiclab.com\/es\/seo-vs-google-ads-para-despachos-de-abogados-de-dubai-la-batalla-del-roi-en-un-mercado-de-cpc-alto\/\" rel=\"bookmark\">\n\t\t\t\t\t\t<img loading=\"lazy\" decoding=\"async\" width=\"300\" height=\"200\" src=\"https:\/\/runiclab.com\/wp-content\/uploads\/2026\/03\/seo-vs-ads-_1_-300x200.webp\" class=\"attachment-medium size-medium wp-post-image\" alt=\"SEO vs. Google Ads para despachos de abogados de Dub\u00e1i: La batalla del ROI en un mercado de CPC alto\" loading=\"lazy\" srcset=\"https:\/\/runiclab.com\/wp-content\/uploads\/2026\/03\/seo-vs-ads-_1_-300x200.webp 300w, https:\/\/runiclab.com\/wp-content\/uploads\/2026\/03\/seo-vs-ads-_1_-768x513.webp 768w, https:\/\/runiclab.com\/wp-content\/uploads\/2026\/03\/seo-vs-ads-_1_.webp 800w\" sizes=\"auto, (max-width: 300px) 100vw, 300px\" \/>\t\t\t\t\t<\/a>\n\t\t\t\t<\/div>\n\t\t\t\n\t\t\t<div class=\"hfe-post-content\">\n\t\t\t\t\t\t\t\t\t<h2 class=\"hfe-post-title\">\n\t\t\t\t\t\t<a href=\"https:\/\/runiclab.com\/es\/seo-vs-google-ads-para-despachos-de-abogados-de-dubai-la-batalla-del-roi-en-un-mercado-de-cpc-alto\/\" rel=\"bookmark\">\n\t\t\t\t\t\t\tSEO vs. Google Ads para despachos de abogados de Dub\u00e1i: La batalla del ROI en un mercado de CPC alto\t\t\t\t\t\t<\/a>\n\t\t\t\t\t<\/h2>\n\t\t\t\t\n\t\t\t\t\t\t\t\t\t<div class=\"hfe-post-meta\">\n\t\t\t\t\t\t<span class=\"hfe-post-date\">2 de marzo de 2026<\/span><span class=\"hfe-meta-separator\"> | <\/span><span class=\"hfe-post-author\">por \u00c1lvaro P\u00e9rez<\/span>\t\t\t\t\t<\/div>\n\t\t\t\t\n\t\t\t\t\t\t\t\t\t<div class=\"hfe-post-excerpt\">\n\t\t\t\t\t\tEn el competitivo panorama legal de Dub\u00e1i \u2014desde las torres de cristal del DIFC hasta las bulliciosas oficinas de Business...\t\t\t\t\t<\/div>\n\t\t\t\t\n\t\t\t\t\t\t\t\t\t<a href=\"https:\/\/runiclab.com\/es\/seo-vs-google-ads-para-despachos-de-abogados-de-dubai-la-batalla-del-roi-en-un-mercado-de-cpc-alto\/\" class=\"hfe-read-more\" rel=\"bookmark\">\n\t\t\t\t\t\tLeer m\u00e1s \u2192\t\t\t\t\t<\/a>\n\t\t\t\t\t\t\t<\/div>\n\t\t<\/article>\n\t\t\t\t<article class=\"hfe-post-card\">\n\t\t\t\t\t\t\t<div class=\"hfe-post-image\">\n\t\t\t\t\t<a href=\"https:\/\/runiclab.com\/es\/mas-alla-de-los-chatbots-por-que-la-ia-para-bufetes-de-abogados-en-dubai-es-el-nuevo-estandar-para-la-captacion-de-clientes\/\" rel=\"bookmark\">\n\t\t\t\t\t\t<img loading=\"lazy\" decoding=\"async\" width=\"300\" height=\"167\" src=\"https:\/\/runiclab.com\/wp-content\/uploads\/2026\/02\/AI-for-Law-Firms-in-Dubai-1-300x167.webp\" class=\"attachment-medium size-medium wp-post-image\" alt=\"M\u00e1s all\u00e1 de los chatbots: por qu\u00e9 la IA para bufetes de abogados en Dub\u00e1i es el nuevo est\u00e1ndar para la captaci\u00f3n de clientes\" loading=\"lazy\" srcset=\"https:\/\/runiclab.com\/wp-content\/uploads\/2026\/02\/AI-for-Law-Firms-in-Dubai-1-300x167.webp 300w, https:\/\/runiclab.com\/wp-content\/uploads\/2026\/02\/AI-for-Law-Firms-in-Dubai-1-768x428.webp 768w, https:\/\/runiclab.com\/wp-content\/uploads\/2026\/02\/AI-for-Law-Firms-in-Dubai-1.webp 800w\" sizes=\"auto, (max-width: 300px) 100vw, 300px\" \/>\t\t\t\t\t<\/a>\n\t\t\t\t<\/div>\n\t\t\t\n\t\t\t<div class=\"hfe-post-content\">\n\t\t\t\t\t\t\t\t\t<h2 class=\"hfe-post-title\">\n\t\t\t\t\t\t<a href=\"https:\/\/runiclab.com\/es\/mas-alla-de-los-chatbots-por-que-la-ia-para-bufetes-de-abogados-en-dubai-es-el-nuevo-estandar-para-la-captacion-de-clientes\/\" rel=\"bookmark\">\n\t\t\t\t\t\t\tM\u00e1s all\u00e1 de los chatbots: por qu\u00e9 la IA para bufetes de abogados en Dub\u00e1i es el nuevo est\u00e1ndar para la captaci\u00f3n de clientes\t\t\t\t\t\t<\/a>\n\t\t\t\t\t<\/h2>\n\t\t\t\t\n\t\t\t\t\t\t\t\t\t<div class=\"hfe-post-meta\">\n\t\t\t\t\t\t<span class=\"hfe-post-date\">16 de febrero de 2026<\/span><span class=\"hfe-meta-separator\"> | <\/span><span class=\"hfe-post-author\">por \u00c1lvaro P\u00e9rez<\/span>\t\t\t\t\t<\/div>\n\t\t\t\t\n\t\t\t\t\t\t\t\t\t<div class=\"hfe-post-excerpt\">\n\t\t\t\t\t\tSon las 3:00 de la madrugada en Dub\u00e1i. La ciudad est\u00e1 en silencio, pero el mercado global no. En Nueva...\t\t\t\t\t<\/div>\n\t\t\t\t\n\t\t\t\t\t\t\t\t\t<a href=\"https:\/\/runiclab.com\/es\/mas-alla-de-los-chatbots-por-que-la-ia-para-bufetes-de-abogados-en-dubai-es-el-nuevo-estandar-para-la-captacion-de-clientes\/\" class=\"hfe-read-more\" rel=\"bookmark\">\n\t\t\t\t\t\tLeer m\u00e1s \u2192\t\t\t\t\t<\/a>\n\t\t\t\t\t\t\t<\/div>\n\t\t<\/article>\n\t\t<\/div>\n\t\t\t\t<\/div>\n\t\t\t\t<\/div>\n\t\t\t\t\t<\/div>\n\t\t\t\t<\/div>\n\t\t\t\t<\/div>\n\t\t","protected":false},"excerpt":{"rendered":"<p>Blog The True ROI of Local SEO Packages in Dubai: Are You Paying for Visibility or Real Footfall in 2026? 08\/04\/2026 | by \u00c1lvaro P\u00e9rez The corporate landscape in Dubai has never been more fiercely competitive than it is right now in 2026. Whether you&#8230; Leer m\u00e1s \u2192 Expanding Your Law Firm to Dubai: The [&hellip;]<\/p>\n","protected":false},"author":2,"featured_media":0,"parent":0,"menu_order":0,"comment_status":"closed","ping_status":"closed","template":"","meta":{"site-sidebar-layout":"no-sidebar","site-content-layout":"page-builder","ast-site-content-layout":"full-width-container","site-content-style":"default","site-sidebar-style":"default","ast-global-header-display":"","ast-banner-title-visibility":"","ast-main-header-display":"","ast-hfb-above-header-display":"","ast-hfb-below-header-display":"","ast-hfb-mobile-header-display":"","site-post-title":"disabled","ast-breadcrumbs-content":"","ast-featured-img":"disabled","footer-sml-layout":"","theme-transparent-header-meta":"","adv-header-id-meta":"","stick-header-meta":"","header-above-stick-meta":"","header-main-stick-meta":"","header-below-stick-meta":"","astra-migrate-meta-layouts":"default","ast-page-background-enabled":"default","ast-page-background-meta":{"desktop":{"background-color":"","background-image":"","background-repeat":"repeat","background-position":"center center","background-size":"auto","background-attachment":"scroll","background-type":"","background-media":"","overlay-type":"","overlay-color":"","overlay-opacity":"","overlay-gradient":""},"tablet":{"background-color":"","background-image":"","background-repeat":"repeat","background-position":"center center","background-size":"auto","background-attachment":"scroll","background-type":"","background-media":"","overlay-type":"","overlay-color":"","overlay-opacity":"","overlay-gradient":""},"mobile":{"background-color":"","background-image":"","background-repeat":"repeat","background-position":"center center","background-size":"auto","background-attachment":"scroll","background-type":"","background-media":"","overlay-type":"","overlay-color":"","overlay-opacity":"","overlay-gradient":""}},"ast-content-background-meta":{"desktop":{"background-color":"var(--ast-global-color-5)","background-image":"","background-repeat":"repeat","background-position":"center center","background-size":"auto","background-attachment":"scroll","background-type":"","background-media":"","overlay-type":"","overlay-color":"","overlay-opacity":"","overlay-gradient":""},"tablet":{"background-color":"var(--ast-global-color-5)","background-image":"","background-repeat":"repeat","background-position":"center center","background-size":"auto","background-attachment":"scroll","background-type":"","background-media":"","overlay-type":"","overlay-color":"","overlay-opacity":"","overlay-gradient":""},"mobile":{"background-color":"var(--ast-global-color-5)","background-image":"","background-repeat":"repeat","background-position":"center center","background-size":"auto","background-attachment":"scroll","background-type":"","background-media":"","overlay-type":"","overlay-color":"","overlay-opacity":"","overlay-gradient":""}},"footnotes":""},"class_list":["post-4402","page","type-page","status-publish","hentry"],"_links":{"self":[{"href":"https:\/\/runiclab.com\/es\/wp-json\/wp\/v2\/pages\/4402","targetHints":{"allow":["GET"]}}],"collection":[{"href":"https:\/\/runiclab.com\/es\/wp-json\/wp\/v2\/pages"}],"about":[{"href":"https:\/\/runiclab.com\/es\/wp-json\/wp\/v2\/types\/page"}],"author":[{"embeddable":true,"href":"https:\/\/runiclab.com\/es\/wp-json\/wp\/v2\/users\/2"}],"replies":[{"embeddable":true,"href":"https:\/\/runiclab.com\/es\/wp-json\/wp\/v2\/comments?post=4402"}],"version-history":[{"count":3,"href":"https:\/\/runiclab.com\/es\/wp-json\/wp\/v2\/pages\/4402\/revisions"}],"predecessor-version":[{"id":4405,"href":"https:\/\/runiclab.com\/es\/wp-json\/wp\/v2\/pages\/4402\/revisions\/4405"}],"wp:attachment":[{"href":"https:\/\/runiclab.com\/es\/wp-json\/wp\/v2\/media?parent=4402"}],"curies":[{"name":"wp","href":"https:\/\/api.w.org\/{rel}","templated":true}]}}